{"id":3741,"date":"2023-07-08T01:36:57","date_gmt":"2023-07-08T06:36:57","guid":{"rendered":"https:\/\/montanajazzperu.com\/?page_id=3741\/"},"modified":"2023-07-08T20:53:11","modified_gmt":"2023-07-09T01:53:11","slug":"restaurante","status":"publish","type":"page","link":"https:\/\/montanajazzperu.com\/en\/restaurante\/","title":{"rendered":"Restaurante"},"content":{"rendered":"[vc_row][vc_column width=&#8221;1\/2&#8243; css=&#8221;.vc_custom_1688797853451{padding-right: 15px !important;padding-left: 15px !important;}&#8221;][vc_gallery interval=&#8221;3&#8243; images=&#8221;3704&#8243; css=&#8221;.vc_custom_1688867590413{border-top-width: 0px !important;border-bottom-width: 0px !important;border-left-width: 0px !important;padding-right: 0px !important;}&#8221;][\/vc_column][vc_column width=&#8221;1\/2&#8243; css=&#8221;.vc_custom_1688796861691{padding-right: 15px !important;padding-left: 15px !important;}&#8221;]<h2 class=\"calluna-heading calluna-heading-single-line text-align-left \" style=\"margin-bottom: 15px;margin-top: 0px;\"><span>Nuestro Restaurante<\/span><\/h2>[vc_column_text css=&#8221;.vc_custom_1688797294604{padding-top: 0px !important;}&#8221;]Nuestro Restaurante en Monta\u00f1a Jazz es un espacio abierto acogedor para la degustar deliciosos platos preparados con mucho cari\u00f1o con ingredientes de nuestro huerto. Los domingos preparamos una carta especial para los hu\u00e9spedes y para quienes reserven una mesa para disfrutar de un d\u00eda en el campo con toda la familia.[\/vc_column_text][\/vc_column][\/vc_row]\n","protected":false},"excerpt":{"rendered":"<p>[vc_row][vc_column width=&#8221;1\/2&#8243; css=&#8221;.vc_custom_1688797853451{padding-right: 15px !important;padding-left: 15px !important;}&#8221;][vc_gallery interval=&#8221;3&#8243; images=&#8221;3704&#8243; css=&#8221;.vc_custom_1688867590413{border-top-width: 0px !important;border-bottom-width: 0px !important;border-left-width: 0px !important;padding-right: 0px !important;}&#8221;][\/vc_column][vc_column width=&#8221;1\/2&#8243; css=&#8221;.vc_custom_1688796861691{padding-right: 15px !important;padding-left: 15px !important;}&#8221;][vc_column_text css=&#8221;.vc_custom_1688797294604{padding-top: 0px !important;}&#8221;]Nuestro Restaurante en Monta\u00f1a Jazz es un espacio abierto acogedor para la degustar deliciosos platos preparados con mucho cari\u00f1o con ingredientes de nuestro huerto. Los domingos preparamos una carta [&hellip;]<\/p>\n","protected":false},"author":2,"featured_media":0,"parent":0,"menu_order":0,"comment_status":"closed","ping_status":"closed","template":"","meta":[],"_links":{"self":[{"href":"https:\/\/montanajazzperu.com\/en\/wp-json\/wp\/v2\/pages\/3741"}],"collection":[{"href":"https:\/\/montanajazzperu.com\/en\/wp-json\/wp\/v2\/pages"}],"about":[{"href":"https:\/\/montanajazzperu.com\/en\/wp-json\/wp\/v2\/types\/page"}],"author":[{"embeddable":true,"href":"https:\/\/montanajazzperu.com\/en\/wp-json\/wp\/v2\/users\/2"}],"replies":[{"embeddable":true,"href":"https:\/\/montanajazzperu.com\/en\/wp-json\/wp\/v2\/comments?post=3741"}],"version-history":[{"count":5,"href":"https:\/\/montanajazzperu.com\/en\/wp-json\/wp\/v2\/pages\/3741\/revisions"}],"predecessor-version":[{"id":3791,"href":"https:\/\/montanajazzperu.com\/en\/wp-json\/wp\/v2\/pages\/3741\/revisions\/3791"}],"wp:attachment":[{"href":"https:\/\/montanajazzperu.com\/en\/wp-json\/wp\/v2\/media?parent=3741"}],"curies":[{"name":"wp","href":"https:\/\/api.w.org\/{rel}","templated":true}]}}