{"id":3593,"date":"2023-06-18T03:28:33","date_gmt":"2023-06-18T08:28:33","guid":{"rendered":"https:\/\/montanajazzperu.com\/?page_id=3593\/"},"modified":"2023-06-18T05:10:03","modified_gmt":"2023-06-18T10:10:03","slug":"laguna-hualcacocha","status":"publish","type":"page","link":"https:\/\/montanajazzperu.com\/en\/nuestro-entorno\/laguna-hualcacocha\/","title":{"rendered":"Laguna Hualcacocha"},"content":{"rendered":"[vc_row full_width=&#8221;stretch_row_content&#8221; css=&#8221;.vc_custom_1687083000584{margin-top: 0px !important;margin-bottom: 0px !important;padding-top: 25% !important;padding-bottom: 25% !important;background-image: url(https:\/\/montanajazzperu.com\/wp-content\/uploads\/2023\/06\/hualcacocha.jpeg?id=3642) !important;background-position: center !important;background-repeat: no-repeat !important;background-size: cover !important;}&#8221;][vc_column][\/vc_column][\/vc_row][vc_row][vc_column]<h2 class=\"calluna-heading calluna-heading-none text-align-left \" ><span>Laguna Hualcacocha<\/span><\/h2>[vc_column_text]A new day hike destination that can be done from Carhuaz is to visit the Hualcacocha Lagoon 4355 masl. Located in the Quebrada de Ulta in the Huascar\u00e1n National Park. You can see the snow-capped Chopicalqui 6350 m, Huascar\u00e1n 6768, the Cancarac\u00e1 Glacier 5500 m and Ulta 5875<br \/>\nHow to get.<br \/>\nLeaving Monta\u00f1a Jazz, take the route along the road that goes to Chacas, passing the Huascar\u00e1n National Park checkpoint, on the right side of the ravine, crossing the Ulta river, you will follow a well-marked zigzag path of 5 km in a 3-hour walk. It is recommended to hire a specialized agency, ask us about it.<br \/>\nWhat to bring:<\/p>\n<p>&#8211; Personal accessories backpack<br \/>\n&#8211; Cap or hat<br \/>\n&#8211; Sun glasses<br \/>\n&#8211; Mineral water or rehydration drink<br \/>\n&#8211; Insect repellent<br \/>\n&#8211; Sunscreen<br \/>\n&#8211; Waterproof and windproof jacket with hood<br \/>\n&#8211; First aid kit for small injuries<br \/>\n&#8211; Shoe or trekking boots<br \/>\n&#8211; Gloves<br \/>\n&#8211; Thick stockings<br \/>\n&#8211; Long and light pants or shorts<br \/>\n&#8211; Compass or GPS<br \/>\n&#8211; Trekking poles[\/vc_column_text][\/vc_column][\/vc_row]\n","protected":false},"excerpt":{"rendered":"<p>[vc_row full_width=&#8221;stretch_row_content&#8221; css=&#8221;.vc_custom_1687083000584{margin-top: 0px !important;margin-bottom: 0px !important;padding-top: 25% !important;padding-bottom: 25% !important;background-image: url(https:\/\/montanajazzperu.com\/wp-content\/uploads\/2023\/06\/hualcacocha.jpeg?id=3642) !important;background-position: center !important;background-repeat: no-repeat !important;background-size: cover !important;}&#8221;][vc_column][\/vc_column][\/vc_row][vc_row][vc_column][vc_column_text]A new day hike destination that can be done from Carhuaz is to visit the Hualcacocha Lagoon 4355 masl. Located in the Quebrada de Ulta in the Huascar\u00e1n National Park. You can see the snow-capped Chopicalqui 6350 [&hellip;]<\/p>\n","protected":false},"author":2,"featured_media":0,"parent":3020,"menu_order":0,"comment_status":"closed","ping_status":"closed","template":"templates\/template-sidebar-right.php","meta":[],"_links":{"self":[{"href":"https:\/\/montanajazzperu.com\/en\/wp-json\/wp\/v2\/pages\/3593"}],"collection":[{"href":"https:\/\/montanajazzperu.com\/en\/wp-json\/wp\/v2\/pages"}],"about":[{"href":"https:\/\/montanajazzperu.com\/en\/wp-json\/wp\/v2\/types\/page"}],"author":[{"embeddable":true,"href":"https:\/\/montanajazzperu.com\/en\/wp-json\/wp\/v2\/users\/2"}],"replies":[{"embeddable":true,"href":"https:\/\/montanajazzperu.com\/en\/wp-json\/wp\/v2\/comments?post=3593"}],"version-history":[{"count":16,"href":"https:\/\/montanajazzperu.com\/en\/wp-json\/wp\/v2\/pages\/3593\/revisions"}],"predecessor-version":[{"id":3647,"href":"https:\/\/montanajazzperu.com\/en\/wp-json\/wp\/v2\/pages\/3593\/revisions\/3647"}],"up":[{"embeddable":true,"href":"https:\/\/montanajazzperu.com\/en\/wp-json\/wp\/v2\/pages\/3020"}],"wp:attachment":[{"href":"https:\/\/montanajazzperu.com\/en\/wp-json\/wp\/v2\/media?parent=3593"}],"curies":[{"name":"wp","href":"https:\/\/api.w.org\/{rel}","templated":true}]}}