{"id":3081,"date":"2015-09-04T12:55:27","date_gmt":"2015-09-04T17:55:27","guid":{"rendered":"https:\/\/montanajazzperu.com\/en\/galeria-de-fotos\/"},"modified":"2023-07-13T18:42:02","modified_gmt":"2023-07-13T23:42:02","slug":"galeria-de-fotos","status":"publish","type":"page","link":"https:\/\/montanajazzperu.com\/en\/galeria-de-fotos\/","title":{"rendered":"Galer\u00eda de Fotos"},"content":{"rendered":"[vc_row el_class=&#8221;galeria_imagenes&#8221;][vc_column][vc_row_inner][vc_column_inner width=&#8221;1\/6&#8243;][\/vc_column_inner][vc_column_inner width=&#8221;2\/3&#8243;][vc_column_text]\n<p style=\"text-align: center;\">Disfruta las mejores im\u00e1genes de Monta\u00f1a Jazz, \u00a0un sue\u00f1o hecho realidad; en cada rinc\u00f3n y cada detalle hay muchas ideas, energ\u00eda y cari\u00f1o.<\/p>\n[\/vc_column_text][\/vc_column_inner][vc_column_inner width=&#8221;1\/6&#8243;][\/vc_column_inner][\/vc_row_inner][\/vc_column][\/vc_row][vc_row disable_element=&#8221;yes&#8221;][vc_column][vc_images_carousel images=&#8221;2924,2925,2926,2938,2932,2934,2936,2937,2933,2940,2931,2929,2928&#8243; img_size=&#8221;&#8221; slides_per_view=&#8221;3&#8243; autoplay=&#8221;yes&#8221; wrap=&#8221;yes&#8221;][\/vc_column][\/vc_row][vc_row][vc_column][vc_column_text]\n\t\t<!-- MasterSlider -->\n\t\t<div id=\"P_MS69ee36f49b5f7\" class=\"master-slider-parent ms-thumbs-template ms-parent-id-10\"  >\n\n\t\t\t\n\t\t\t<!-- MasterSlider Main -->\n\t\t\t<div id=\"MS69ee36f49b5f7\" class=\"master-slider ms-skin-default\" >\n\t\t\t\t \t\t\t\t \n\n\t\t\t<div  class=\"ms-slide\" data-delay=\"3\" data-fill-mode=\"fill\"   >\n\t\t\t\t\t<img src=\"https:\/\/montanajazzperu.com\/wp-content\/plugins\/masterslider\/public\/assets\/css\/blank.gif\" alt=\"\" title=\"las_retamas\" data-src=\"https:\/\/montanajazzperu.com\/wp-content\/uploads\/2023\/07\/las_retamas.jpg\" \/>\n\n\n\t<img class=\"ms-thumb\" src=\"https:\/\/montanajazzperu.com\/wp-content\/uploads\/2023\/07\/las_retamas-127x137.jpg\" alt=\"\" \/>\n\t\t\t\t<\/div>\n\t\t\t<div  class=\"ms-slide\" data-delay=\"3\" data-fill-mode=\"fill\"   >\n\t\t\t\t\t<img src=\"https:\/\/montanajazzperu.com\/wp-content\/plugins\/masterslider\/public\/assets\/css\/blank.gif\" alt=\"\" title=\"los_alisos\" data-src=\"https:\/\/montanajazzperu.com\/wp-content\/uploads\/2023\/07\/los_alisos.jpg\" \/>\n\n\n\t<img class=\"ms-thumb\" src=\"https:\/\/montanajazzperu.com\/wp-content\/uploads\/2023\/07\/los_alisos-127x137.jpg\" alt=\"\" \/>\n\t\t\t\t<\/div>\n\t\t\t<div  class=\"ms-slide\" data-delay=\"3\" data-fill-mode=\"fill\"   >\n\t\t\t\t\t<img src=\"https:\/\/montanajazzperu.com\/wp-content\/plugins\/masterslider\/public\/assets\/css\/blank.gif\" alt=\"\" title=\"los_quenuales\" data-src=\"https:\/\/montanajazzperu.com\/wp-content\/uploads\/2023\/07\/los_quenuales.jpg\" \/>\n\n\n\t<img class=\"ms-thumb\" src=\"https:\/\/montanajazzperu.com\/wp-content\/uploads\/2023\/07\/los_quenuales-127x137.jpg\" alt=\"\" \/>\n\t\t\t\t<\/div>\n\t\t\t<div  class=\"ms-slide\" data-delay=\"3\" data-fill-mode=\"fill\"   >\n\t\t\t\t\t<img src=\"https:\/\/montanajazzperu.com\/wp-content\/plugins\/masterslider\/public\/assets\/css\/blank.gif\" alt=\"\" title=\"los_capulies\" data-src=\"https:\/\/montanajazzperu.com\/wp-content\/uploads\/2023\/07\/los_capulies.jpg\" \/>\n\n\n\t<img class=\"ms-thumb\" src=\"https:\/\/montanajazzperu.com\/wp-content\/uploads\/2023\/07\/los_capulies-127x137.jpg\" alt=\"\" \/>\n\t\t\t\t<\/div>\n\t\t\t<div  class=\"ms-slide\" data-delay=\"3\" data-fill-mode=\"fill\"   >\n\t\t\t\t\t<img src=\"https:\/\/montanajazzperu.com\/wp-content\/plugins\/masterslider\/public\/assets\/css\/blank.gif\" alt=\"\" title=\"laguna_hualcacocha\" data-src=\"https:\/\/montanajazzperu.com\/wp-content\/uploads\/2023\/06\/laguna_hualcacocha.jpg\" \/>\n\n\n\t<img class=\"ms-thumb\" src=\"https:\/\/montanajazzperu.com\/wp-content\/uploads\/2023\/06\/laguna_hualcacocha-127x137.jpg\" alt=\"\" \/>\n\t\t\t\t<\/div>\n\t\t\t<div  class=\"ms-slide\" data-delay=\"3\" data-fill-mode=\"fill\"   >\n\t\t\t\t\t<img src=\"https:\/\/montanajazzperu.com\/wp-content\/plugins\/masterslider\/public\/assets\/css\/blank.gif\" alt=\"\" title=\"nuestro_entorno\" data-src=\"https:\/\/montanajazzperu.com\/wp-content\/uploads\/2023\/06\/nuestro_entorno.jpg\" \/>\n\n\n\t<img class=\"ms-thumb\" src=\"https:\/\/montanajazzperu.com\/wp-content\/uploads\/2023\/06\/nuestro_entorno-127x137.jpg\" alt=\"\" \/>\n\t\t\t\t<\/div>\n\t\t\t<div  class=\"ms-slide\" data-delay=\"3\" data-fill-mode=\"fill\"   >\n\t\t\t\t\t<img src=\"https:\/\/montanajazzperu.com\/wp-content\/plugins\/masterslider\/public\/assets\/css\/blank.gif\" alt=\"\" title=\"nevado\" data-src=\"https:\/\/montanajazzperu.com\/wp-content\/uploads\/2023\/07\/nevado-1.jpg\" \/>\n\n\n\t<img class=\"ms-thumb\" src=\"https:\/\/montanajazzperu.com\/wp-content\/uploads\/2023\/07\/nevado-1-127x137.jpg\" alt=\"\" \/>\n\t\t\t\t<\/div>\n\t\t\t<div  class=\"ms-slide\" data-delay=\"3\" data-fill-mode=\"fill\"   >\n\t\t\t\t\t<img src=\"https:\/\/montanajazzperu.com\/wp-content\/plugins\/masterslider\/public\/assets\/css\/blank.gif\" alt=\"\" title=\"Carhuaz\" data-src=\"https:\/\/montanajazzperu.com\/wp-content\/uploads\/2023\/07\/Carhuaz.jpg\" \/>\n\n\n\t<img class=\"ms-thumb\" src=\"https:\/\/montanajazzperu.com\/wp-content\/uploads\/2023\/07\/Carhuaz-127x137.jpg\" alt=\"\" \/>\n\t\t\t\t<\/div>\n\t\t\t<div  class=\"ms-slide\" data-delay=\"3\" data-fill-mode=\"fill\"   >\n\t\t\t\t\t<img src=\"https:\/\/montanajazzperu.com\/wp-content\/plugins\/masterslider\/public\/assets\/css\/blank.gif\" alt=\"\" title=\"atardecer\" data-src=\"https:\/\/montanajazzperu.com\/wp-content\/uploads\/2023\/07\/atardecer.jpg\" \/>\n\n\n\t<img class=\"ms-thumb\" src=\"https:\/\/montanajazzperu.com\/wp-content\/uploads\/2023\/07\/atardecer-127x137.jpg\" alt=\"\" \/>\n\t\t\t\t<\/div>\n\t\t\t<div  class=\"ms-slide\" data-delay=\"3\" data-fill-mode=\"fill\"   >\n\t\t\t\t\t<img src=\"https:\/\/montanajazzperu.com\/wp-content\/plugins\/masterslider\/public\/assets\/css\/blank.gif\" alt=\"\" title=\"vista-montana\" data-src=\"https:\/\/montanajazzperu.com\/wp-content\/uploads\/2023\/07\/vista-montana.jpg\" \/>\n\n\n\t<img class=\"ms-thumb\" src=\"https:\/\/montanajazzperu.com\/wp-content\/uploads\/2023\/07\/vista-montana-127x137.jpg\" alt=\"\" \/>\n\t\t\t\t<\/div>\n\t\t\t<div  class=\"ms-slide\" data-delay=\"3\" data-fill-mode=\"fill\"   >\n\t\t\t\t\t<img src=\"https:\/\/montanajazzperu.com\/wp-content\/plugins\/masterslider\/public\/assets\/css\/blank.gif\" alt=\"\" title=\"laguna-513-mas-peque\" data-src=\"https:\/\/montanajazzperu.com\/wp-content\/uploads\/2020\/12\/laguna-513-mas-peque-scaled.jpg\" \/>\n\n\n\t<img class=\"ms-thumb\" src=\"https:\/\/montanajazzperu.com\/wp-content\/uploads\/2020\/12\/laguna-513-mas-peque-scaled-127x137.jpg\" alt=\"\" \/>\n\t\t\t\t<\/div>\n\t\t\t<div  class=\"ms-slide\" data-delay=\"3\" data-fill-mode=\"fill\"   >\n\t\t\t\t\t<img src=\"https:\/\/montanajazzperu.com\/wp-content\/plugins\/masterslider\/public\/assets\/css\/blank.gif\" alt=\"\" title=\"The Moon at Monta\u00f1a Jazz\" data-src=\"https:\/\/montanajazzperu.com\/wp-content\/uploads\/2015\/09\/Las-Lunas-en-Monta\u00f1a-Jazz.jpg\" \/>\n\n\n\t<img class=\"ms-thumb\" src=\"https:\/\/montanajazzperu.com\/wp-content\/uploads\/2015\/09\/Las-Lunas-en-Monta\u00f1a-Jazz-127x137.jpg\" alt=\"\" \/>\n\t\t\t\t<\/div>\n\t\t\t<div  class=\"ms-slide\" data-delay=\"3\" data-fill-mode=\"fill\"   >\n\t\t\t\t\t<img src=\"https:\/\/montanajazzperu.com\/wp-content\/plugins\/masterslider\/public\/assets\/css\/blank.gif\" alt=\"\" title=\"Huascaran south summit can be seen from Monta\u00f1a Jazz\" data-src=\"https:\/\/montanajazzperu.com\/wp-content\/uploads\/2015\/09\/quienes-somos-4.jpg\" \/>\n\n\n\t<img class=\"ms-thumb\" src=\"https:\/\/montanajazzperu.com\/wp-content\/uploads\/2015\/09\/quienes-somos-4-127x137.jpg\" alt=\"\" \/>\n\t\t\t\t<\/div>\n\t\t\t<div  class=\"ms-slide\" data-delay=\"3\" data-fill-mode=\"fill\"   >\n\t\t\t\t\t<img src=\"https:\/\/montanajazzperu.com\/wp-content\/plugins\/masterslider\/public\/assets\/css\/blank.gif\" alt=\"\" title=\"Single beds, Los Alisos\" data-src=\"https:\/\/montanajazzperu.com\/wp-content\/uploads\/2016\/01\/galeria-alisos-5.jpg\" \/>\n\n\n\t<img class=\"ms-thumb\" src=\"https:\/\/montanajazzperu.com\/wp-content\/uploads\/2016\/01\/galeria-alisos-5-127x137.jpg\" alt=\"\" \/>\n\t\t\t\t<\/div>\n\t\t\t<div  class=\"ms-slide\" data-delay=\"3\" data-fill-mode=\"fill\"   >\n\t\t\t\t\t<img src=\"https:\/\/montanajazzperu.com\/wp-content\/plugins\/masterslider\/public\/assets\/css\/blank.gif\" alt=\"\" title=\"header-callejon-huaylas\" data-src=\"https:\/\/montanajazzperu.com\/wp-content\/uploads\/2016\/01\/header-callejon-huaylas.jpg\" \/>\n\n\n\t<img class=\"ms-thumb\" src=\"https:\/\/montanajazzperu.com\/wp-content\/uploads\/2016\/01\/header-callejon-huaylas-127x137.jpg\" alt=\"\" \/>\n\t\t\t\t<\/div>\n\t\t\t<div  class=\"ms-slide\" data-delay=\"3\" data-fill-mode=\"fill\"   >\n\t\t\t\t\t<img src=\"https:\/\/montanajazzperu.com\/wp-content\/plugins\/masterslider\/public\/assets\/css\/blank.gif\" alt=\"\" title=\"Kitchen, Los Alisos\" data-src=\"https:\/\/montanajazzperu.com\/wp-content\/uploads\/2016\/01\/galeria-alisos-4.jpg\" \/>\n\n\n\t<img class=\"ms-thumb\" src=\"https:\/\/montanajazzperu.com\/wp-content\/uploads\/2016\/01\/galeria-alisos-4-127x137.jpg\" alt=\"\" \/>\n\t\t\t\t<\/div>\n\t\t\t<div  class=\"ms-slide\" data-delay=\"3\" data-fill-mode=\"fill\"   >\n\t\t\t\t\t<img src=\"https:\/\/montanajazzperu.com\/wp-content\/plugins\/masterslider\/public\/assets\/css\/blank.gif\" alt=\"\" title=\"Large bungalow with a King Size bed, Los Quenuales\" data-src=\"https:\/\/montanajazzperu.com\/wp-content\/uploads\/2016\/01\/galeria-quenuales-3.jpg\" \/>\n\n\n\t<img class=\"ms-thumb\" src=\"https:\/\/montanajazzperu.com\/wp-content\/uploads\/2016\/01\/galeria-quenuales-3-127x137.jpg\" alt=\"\" \/>\n\t\t\t\t<\/div>\n\t\t\t<div  class=\"ms-slide\" data-delay=\"3\" data-fill-mode=\"fill\"   >\n\t\t\t\t\t<img src=\"https:\/\/montanajazzperu.com\/wp-content\/plugins\/masterslider\/public\/assets\/css\/blank.gif\" alt=\"\" title=\"DSC_0690\" data-src=\"https:\/\/montanajazzperu.com\/wp-content\/uploads\/2015\/08\/DSC_0690.png\" \/>\n\n\n\t<img class=\"ms-thumb\" src=\"https:\/\/montanajazzperu.com\/wp-content\/uploads\/2015\/08\/DSC_0690-127x137.png\" alt=\"\" \/>\n\t\t\t\t<\/div>\n\t\t\t<div  class=\"ms-slide\" data-delay=\"3\" data-fill-mode=\"fill\"   >\n\t\t\t\t\t<img src=\"https:\/\/montanajazzperu.com\/wp-content\/plugins\/masterslider\/public\/assets\/css\/blank.gif\" alt=\"\" title=\"Restaurante_1\" data-src=\"https:\/\/montanajazzperu.com\/wp-content\/uploads\/2023\/07\/Restaurante_1.jpg\" \/>\n\n\n\t<img class=\"ms-thumb\" src=\"https:\/\/montanajazzperu.com\/wp-content\/uploads\/2023\/07\/Restaurante_1-127x137.jpg\" alt=\"\" \/>\n\t\t\t\t<\/div>\n\n\t\t\t<\/div>\n\t\t\t<!-- END MasterSlider Main -->\n\n\t\t\t \n\t\t<\/div>\n\t\t<!-- END MasterSlider -->\n\n\t\t<script>\n\t\t( window.MSReady = window.MSReady || [] ).push( function( $ ) {\n\n\t\t\t\"use strict\";\n\t\t\tvar masterslider_b5f7 = new MasterSlider();\n\n\t\t\t\/\/ slider controls\n\t\t\tmasterslider_b5f7.control('arrows'     ,{ autohide:true, overVideo:true  });\n\t\t\tmasterslider_b5f7.control('thumblist'  ,{ autohide:false, overVideo:true, dir:'h', speed:17, inset:false, arrows:false, hover:false, customClass:'', align:'bottom',type:'thumbs', margin:5, width:127, height:137, space:5, fillMode:'fill'  });\n\t\t\tmasterslider_b5f7.control('scrollbar'  ,{ autohide:false, overVideo:true, dir:'h', inset:true, align:'top', color:'#3D3D3D' , margin:10  , width:4 });\n\t\t\t\/\/ slider setup\n\t\t\tmasterslider_b5f7.setup(\"MS69ee36f49b5f7\", {\n\t\t\t\twidth           : 300,\n\t\t\t\theight          : 150,\n\t\t\t\tminHeight       : 600,\n\t\t\t\tspace           : 0,\n\t\t\t\tstart           : 1,\n\t\t\t\tgrabCursor      : true,\n\t\t\t\tswipe           : true,\n\t\t\t\tmouse           : true,\n\t\t\t\tkeyboard        : false,\n\t\t\t\tlayout          : \"fillwidth\",\n\t\t\t\twheel           : false,\n\t\t\t\tautoplay        : true,\n                instantStartLayers:false,\n\t\t\t\tmobileBGVideo:false,\n\t\t\t\tloop            : true,\n\t\t\t\tshuffle         : false,\n\t\t\t\tpreload         : 4,\n\t\t\t\theightLimit     : true,\n\t\t\t\tautoHeight      : false,\n\t\t\t\tsmoothHeight    : true,\n\t\t\t\tendPause        : false,\n\t\t\t\toverPause       : true,\n\t\t\t\tfillMode        : \"fill\",\n\t\t\t\tcenterControls  : false,\n\t\t\t\tstartOnAppear   : false,\n\t\t\t\tlayersMode      : \"center\",\n\t\t\t\tautofillTarget  : \"\",\n\t\t\t\thideLayers      : false,\n\t\t\t\tfullscreenMargin: 0,\n\t\t\t\tspeed           : 20,\n\t\t\t\tdir             : \"h\",\n\t\t\t\tparallaxMode    : 'swipe',\n\t\t\t\tview            : \"basic\"\n\t\t\t});\n\n\t\t\t\n\t\t\twindow.masterslider_instances = window.masterslider_instances || [];\n\t\t\twindow.masterslider_instances.push( masterslider_b5f7 );\n\t\t});\n\t\t<\/script>\n\n[\/vc_column_text][\/vc_column][\/vc_row]\n","protected":false},"excerpt":{"rendered":"<p>[vc_row el_class=&#8221;galeria_imagenes&#8221;][vc_column][vc_row_inner][vc_column_inner width=&#8221;1\/6&#8243;][\/vc_column_inner][vc_column_inner width=&#8221;2\/3&#8243;][vc_column_text] Disfruta las mejores im\u00e1genes de Monta\u00f1a Jazz, \u00a0un sue\u00f1o hecho realidad; en cada rinc\u00f3n y cada detalle hay muchas ideas, energ\u00eda y cari\u00f1o. [\/vc_column_text][\/vc_column_inner][vc_column_inner width=&#8221;1\/6&#8243;][\/vc_column_inner][\/vc_row_inner][\/vc_column][\/vc_row][vc_row disable_element=&#8221;yes&#8221;][vc_column][vc_images_carousel images=&#8221;2924,2925,2926,2938,2932,2934,2936,2937,2933,2940,2931,2929,2928&#8243; img_size=&#8221;&#8221; slides_per_view=&#8221;3&#8243; autoplay=&#8221;yes&#8221; wrap=&#8221;yes&#8221;][\/vc_column][\/vc_row][vc_row][vc_column][vc_column_text][\/vc_column_text][\/vc_column][\/vc_row]<\/p>\n","protected":false},"author":2,"featured_media":0,"parent":0,"menu_order":0,"comment_status":"closed","ping_status":"closed","template":"","meta":[],"_links":{"self":[{"href":"https:\/\/montanajazzperu.com\/en\/wp-json\/wp\/v2\/pages\/3081"}],"collection":[{"href":"https:\/\/montanajazzperu.com\/en\/wp-json\/wp\/v2\/pages"}],"about":[{"href":"https:\/\/montanajazzperu.com\/en\/wp-json\/wp\/v2\/types\/page"}],"author":[{"embeddable":true,"href":"https:\/\/montanajazzperu.com\/en\/wp-json\/wp\/v2\/users\/2"}],"replies":[{"embeddable":true,"href":"https:\/\/montanajazzperu.com\/en\/wp-json\/wp\/v2\/comments?post=3081"}],"version-history":[{"count":9,"href":"https:\/\/montanajazzperu.com\/en\/wp-json\/wp\/v2\/pages\/3081\/revisions"}],"predecessor-version":[{"id":3819,"href":"https:\/\/montanajazzperu.com\/en\/wp-json\/wp\/v2\/pages\/3081\/revisions\/3819"}],"wp:attachment":[{"href":"https:\/\/montanajazzperu.com\/en\/wp-json\/wp\/v2\/media?parent=3081"}],"curies":[{"name":"wp","href":"https:\/\/api.w.org\/{rel}","templated":true}]}}