{"id":3035,"date":"2016-01-11T13:51:00","date_gmt":"2016-01-11T18:51:00","guid":{"rendered":"https:\/\/montanajazzperu.com\/en\/our-environment\/caminata-a-la-laguna-69\/"},"modified":"2020-12-20T18:18:51","modified_gmt":"2020-12-20T23:18:51","slug":"caminata-a-la-laguna-69","status":"publish","type":"page","link":"https:\/\/montanajazzperu.com\/en\/nuestro-entorno\/caminata-a-la-laguna-69\/","title":{"rendered":"Caminata a la laguna 69"},"content":{"rendered":"[vc_row full_width=&#8221;stretch_row_content&#8221; css=&#8221;.vc_custom_1453326089580{margin-top: 0px !important;margin-bottom: 0px !important;padding-top: 25% !important;padding-bottom: 25% !important;background: #dbdbdb url(https:\/\/montanajazzperu.com\/wp-content\/uploads\/2016\/01\/header-laguna-1.jpg?id=2968) !important;background-position: center !important;background-repeat: no-repeat !important;background-size: cover !important;}&#8221; el_class=&#8221;imagen_destacada&#8221;][vc_column][\/vc_column][\/vc_row][vc_row el_class=&#8221;articulo museosans-300&#8243;][vc_column][vc_empty_space]<h2 class=\"calluna-heading calluna-heading-none text-align-left \" style=\"color: #789055;\"><span>Caminata a la laguna 69<\/span><\/h2>[vc_column_text]En la quebrada de Llanganuco existe una hermosa laguna situada a 4600 metros en la base del Nevado Chacraraju, una de las monta\u00f1as m\u00e1s hermosas y m\u00e1s dif\u00edcil de escalar en la Cordillera Blanca. En el camino a la laguna se puede encontrar una gran variedad de flora y cascadas.<\/p>\n<p><strong>C\u00f3mo llegar:<\/strong><\/p>\n<p>Partiendo de Monta\u00f1a Jazz se llega a Yungay y de ah\u00ed a la quebrada de Llanganuco, pasando los lagos de Chinancocha y Orconcocha donde se llega al paraje llamado Cebollapampa.<\/p>\n<p>De ah\u00ed se parte en una caminata de 3 horas de dificultad mediana. Se llega a la Laguna 69 donde se puede estar hasta una hora admirando el paisaje para luego regresar a Cebollapampa.<\/p>\n<p>Varias empresas ofrecen paquetes de <strong>tours en Huaraz<\/strong> prestan el servicio de caminatas con gu\u00edas y movilidad (<span style=\"font-weight: 400;\">Consultanos por las agencias en actividad).<\/span><\/p>\n<p><strong>Qu\u00e9 llevar:<\/strong><\/p>\n<ul>\n<li>Mochila de accesorios personales<\/li>\n<li>Gorra o sombrero<\/li>\n<li>Lentes contra el sol<\/li>\n<li>Agua mineral o bebida rehidratante<\/li>\n<li>Repelente contra insectos<\/li>\n<li>Protector solar<\/li>\n<li>Chaqueta impermeable y cortaviento con capucha<\/li>\n<li>Botiqu\u00edn para peque\u00f1as lesiones<\/li>\n<li>Zapatilla o botas de trekking<\/li>\n<li>Guantes<\/li>\n<li>Medias gruesa<\/li>\n<li>Pantal\u00f3n largo y liviano o corto<\/li>\n<li>Br\u00fajula o GPS<\/li>\n<li>Bastones de trekking<\/li>\n<\/ul>\n[\/vc_column_text][\/vc_column][\/vc_row]\n","protected":false},"excerpt":{"rendered":"<p>[vc_row full_width=&#8221;stretch_row_content&#8221; css=&#8221;.vc_custom_1453326089580{margin-top: 0px !important;margin-bottom: 0px !important;padding-top: 25% !important;padding-bottom: 25% !important;background: #dbdbdb url(https:\/\/montanajazzperu.com\/wp-content\/uploads\/2016\/01\/header-laguna-1.jpg?id=2968) !important;background-position: center !important;background-repeat: no-repeat !important;background-size: cover !important;}&#8221; el_class=&#8221;imagen_destacada&#8221;][vc_column][\/vc_column][\/vc_row][vc_row el_class=&#8221;articulo museosans-300&#8243;][vc_column][vc_empty_space][vc_column_text]En la quebrada de Llanganuco existe una hermosa laguna situada a 4600 metros en la base del Nevado Chacraraju, una de las monta\u00f1as m\u00e1s hermosas y m\u00e1s dif\u00edcil de escalar en la Cordillera [&hellip;]<\/p>\n","protected":false},"author":2,"featured_media":0,"parent":3020,"menu_order":0,"comment_status":"closed","ping_status":"closed","template":"templates\/template-sidebar-right.php","meta":[],"_links":{"self":[{"href":"https:\/\/montanajazzperu.com\/en\/wp-json\/wp\/v2\/pages\/3035"}],"collection":[{"href":"https:\/\/montanajazzperu.com\/en\/wp-json\/wp\/v2\/pages"}],"about":[{"href":"https:\/\/montanajazzperu.com\/en\/wp-json\/wp\/v2\/types\/page"}],"author":[{"embeddable":true,"href":"https:\/\/montanajazzperu.com\/en\/wp-json\/wp\/v2\/users\/2"}],"replies":[{"embeddable":true,"href":"https:\/\/montanajazzperu.com\/en\/wp-json\/wp\/v2\/comments?post=3035"}],"version-history":[{"count":0,"href":"https:\/\/montanajazzperu.com\/en\/wp-json\/wp\/v2\/pages\/3035\/revisions"}],"up":[{"embeddable":true,"href":"https:\/\/montanajazzperu.com\/en\/wp-json\/wp\/v2\/pages\/3020"}],"wp:attachment":[{"href":"https:\/\/montanajazzperu.com\/en\/wp-json\/wp\/v2\/media?parent=3035"}],"curies":[{"name":"wp","href":"https:\/\/api.w.org\/{rel}","templated":true}]}}