{"id":3023,"date":"2016-01-11T13:47:46","date_gmt":"2016-01-11T18:47:46","guid":{"rendered":"https:\/\/montanajazzperu.com\/en\/our-enviroment\/callejon-de-huaylas-o-valle-del-santa\/"},"modified":"2023-06-17T15:59:14","modified_gmt":"2023-06-17T20:59:14","slug":"callejon-de-huaylas-o-valle-del-santa","status":"publish","type":"page","link":"https:\/\/montanajazzperu.com\/en\/nuestro-entorno\/callejon-de-huaylas-o-valle-del-santa\/","title":{"rendered":"Callej\u00f3n de Huaylas o Valle del Santa"},"content":{"rendered":"[vc_row full_width=&#8221;stretch_row_content&#8221; css=&#8221;.vc_custom_1687035554432{margin-top: 0px !important;margin-bottom: 0px !important;padding-top: 25% !important;padding-bottom: 25% !important;background: #dbdbdb url(https:\/\/montanajazzperu.com\/wp-content\/uploads\/2023\/06\/nuestro_entorno.jpg?id=3466) !important;background-position: center !important;background-repeat: no-repeat !important;background-size: cover !important;}&#8221; el_class=&#8221;imagen_destacada&#8221;][vc_column][\/vc_column][\/vc_row][vc_row el_class=&#8221;articulo museosans-300&#8243;][vc_column][vc_empty_space]<h2 class=\"calluna-heading calluna-heading-none text-align-left \" style=\"color: #789055;\"><span>Callej\u00f3n de Huaylas o Valle del Santa<\/span><\/h2>[vc_column_text]Se encuentra a 408 kms al noreste de Lima. Es un estrecho y alargado valle aluvial de la Cordillera de los Andes (Ancash,Per\u00fa) y tiene unos 180 kil\u00f3metros de longitud, desde la laguna de Conococha (4,000 m.s.n.m) hasta el Ca\u00f1\u00f3n del Pato.<\/p>\n<p>Est\u00e1 conformado por las provincias de Recuay, Huaraz, Carhuaz, Yungay y Huaylas y el territorio comprende rangos altitudinales desde los 1.000 hasta los 6.768 msnm. Existen numerosas ciudades con caracter\u00edsticas propias, que se alinean de la siguiente manera (de sur a norte): C\u00e1tac (3,500 m), Recuay (3,400 m), Huaraz (3,090 m), Carhuaz (2,650 m), Yungay (2,500 m) y Caraz (2,290 m).<\/p>\n<p>Este valle est\u00e1 en medio de la Cordillera Negra al Oeste y la Cordillera Blanca al Este, siendo esta la cadena monta\u00f1osa tropical m\u00e1s elevada del planeta con cimas superiores a los 6.000 m.s.n.m de altitud cubiertas de hielo y nieve, teniendo como el m\u00e1s imponente el Nevado Huascar\u00e1n (6768), el nevado m\u00e1s alto del Per\u00fa<strong>,<\/strong> \u00a0mientras que la Cordillera Negra tiene monta\u00f1as de hasta 5.100 m.s.n.m, las que se caracterizan por no presentar nieve.<\/p>\n<p>Huaraz es la ciudad m\u00e1s importante, es la capital de la Regi\u00f3n \u00c1ncash, el centro de comercio regional y eje del <strong>turismo<\/strong>, especialmente de los deportes de aventura (<strong>Turismo de Aventura<\/strong>). Es la zona predilecta de escaladores, caminantes, deportistas, cient\u00edficos y amantes de la paz.<\/p>\n<p>El Callej\u00f3n de Huaylas es uno de los m\u00e1s emocionantes destinos de <strong>turismo en Per\u00fa<\/strong>, ofrece a los turistas, nacionales y extranjeros una variedad de atractivos, como sus milenarios sitios arqueol\u00f3gicos(Willcawain, Honqopampa, Tumshucaico, etc.), los majestuosos nevados de nieve perpetua, las lagunas de la Cordillera Blanca en el hermoso Parque Nacional Huascar\u00e1n y los alegres pueblos andinos con gente generosa, deseosa de mostrar su variado folklore, lleno de leyenda e historia. (<span style=\"font-weight: 400;\">Preguntanos por informaci\u00f3n acerca de los tours disponibles)<\/span>.[\/vc_column_text][\/vc_column][\/vc_row]\n","protected":false},"excerpt":{"rendered":"<p>[vc_row full_width=&#8221;stretch_row_content&#8221; css=&#8221;.vc_custom_1687035554432{margin-top: 0px !important;margin-bottom: 0px !important;padding-top: 25% !important;padding-bottom: 25% !important;background: #dbdbdb url(https:\/\/montanajazzperu.com\/wp-content\/uploads\/2023\/06\/nuestro_entorno.jpg?id=3466) !important;background-position: center !important;background-repeat: no-repeat !important;background-size: cover !important;}&#8221; el_class=&#8221;imagen_destacada&#8221;][vc_column][\/vc_column][\/vc_row][vc_row el_class=&#8221;articulo museosans-300&#8243;][vc_column][vc_empty_space][vc_column_text]Se encuentra a 408 kms al noreste de Lima. Es un estrecho y alargado valle aluvial de la Cordillera de los Andes (Ancash,Per\u00fa) y tiene unos 180 kil\u00f3metros de longitud, desde la laguna [&hellip;]<\/p>\n","protected":false},"author":2,"featured_media":0,"parent":3020,"menu_order":0,"comment_status":"closed","ping_status":"closed","template":"templates\/template-sidebar-right.php","meta":[],"_links":{"self":[{"href":"https:\/\/montanajazzperu.com\/en\/wp-json\/wp\/v2\/pages\/3023"}],"collection":[{"href":"https:\/\/montanajazzperu.com\/en\/wp-json\/wp\/v2\/pages"}],"about":[{"href":"https:\/\/montanajazzperu.com\/en\/wp-json\/wp\/v2\/types\/page"}],"author":[{"embeddable":true,"href":"https:\/\/montanajazzperu.com\/en\/wp-json\/wp\/v2\/users\/2"}],"replies":[{"embeddable":true,"href":"https:\/\/montanajazzperu.com\/en\/wp-json\/wp\/v2\/comments?post=3023"}],"version-history":[{"count":1,"href":"https:\/\/montanajazzperu.com\/en\/wp-json\/wp\/v2\/pages\/3023\/revisions"}],"predecessor-version":[{"id":3468,"href":"https:\/\/montanajazzperu.com\/en\/wp-json\/wp\/v2\/pages\/3023\/revisions\/3468"}],"up":[{"embeddable":true,"href":"https:\/\/montanajazzperu.com\/en\/wp-json\/wp\/v2\/pages\/3020"}],"wp:attachment":[{"href":"https:\/\/montanajazzperu.com\/en\/wp-json\/wp\/v2\/media?parent=3023"}],"curies":[{"name":"wp","href":"https:\/\/api.w.org\/{rel}","templated":true}]}}