{"id":3020,"date":"2016-01-11T13:18:52","date_gmt":"2016-01-11T18:18:52","guid":{"rendered":"https:\/\/montanajazzperu.com\/en\/nuestro-entorno\/"},"modified":"2023-07-11T15:51:47","modified_gmt":"2023-07-11T20:51:47","slug":"nuestro-entorno","status":"publish","type":"page","link":"https:\/\/montanajazzperu.com\/en\/nuestro-entorno\/","title":{"rendered":"Nuestro Entorno"},"content":{"rendered":"[vc_row full_width=&#8221;stretch_row_content&#8221; css=&#8221;.vc_custom_1689108712405{margin-top: 0px !important;margin-bottom: 0px !important;padding-top: 25% !important;padding-bottom: 25% !important;background: #dbdbdb url(https:\/\/montanajazzperu.com\/wp-content\/uploads\/2023\/06\/nuestro_entorno.jpg?id=3466) !important;background-position: center !important;background-repeat: no-repeat !important;background-size: cover !important;}&#8221; el_class=&#8221;imagen_destacada&#8221;][vc_column][\/vc_column][\/vc_row][vc_row el_class=&#8221;articulo museosans-300&#8243;][vc_column][vc_empty_space][vc_column_text]Desde Monta\u00f1a Jazz se pueden hacer cortas y entretenidas caminatas por el camino antiguo hacia Carhuaz donde podr\u00e1n visitar peque\u00f1as capillas, la Piedra del Diablo y tradicionales bodeguitas donde pueden probar la chicha, comprar pan y jam\u00f3n serrano.<\/p>\n<p>En Carhuaz, pueden caminar por las calles tradicionales rodeadas de antiguas casonas, visitar la Iglesia de la Virgen de las Mercedes y saborear los deliciosos helados artesanales Carhuacinos., El nombre de Carhuaz o Carhuas proviene del vocablo quechua &#8220;Carhuash&#8221; que significa amarillo, ya que en la zona abunda la flor de retama, con arom\u00e1tica fragancia y brillantes flores amarillas. Desde su plaza mayor se observa el nevado Hualc\u00e1n de 6,126 msnm. Cuenta con un clima moderado. La ciudad alberga a unos 9,050 habitantes.<\/p>\n<p>Es conocido tambi\u00e9n como &#8220;Carhuaz borrachera&#8221;, adjetivo que seg\u00fan la leyenda, le dio el Sabio Antonio Raymondi; cuando viajaba por el Callej\u00f3n de Huaylas y al pasar por este lugar la gente estaba celebrando la fiesta de la Virgen de las Mercedes, cuya festividad se celebra en el mes de setiembre, siendo el d\u00eda 24 el d\u00eda central.<\/p>\n<p>La agricultura es su principal actividad econ\u00f3mica, en esta zona se produce ma\u00edz, hortalizas, verduras, y frutales como manzana y \u00a0durazno. Carhuaz est\u00e1 dentro del circuito de <strong>turismo en Huaraz<\/strong> y el callej\u00f3n de Huaylas.\u00a0 Cerca se encuentran las aguas termales de Chancos \u00a0en Marcara.<\/p>\n<p>Otras alternativas para los m\u00e1s aventureros son los circuitos de trekking cercanos tanto en la Cordillera Blanca como en la Cordillera Negra.<\/p>\n<p>La nueva carretera Carhuaz-Chacas es una v\u00eda segura que nos acerca a los imponentes nevados de la Cordillera Blanca y a trav\u00e9s del t\u00fanel m\u00e1s largo de los Andes del Per\u00fa (1.3 km), a una altura de 4,736 msnm se llega hacia el Callej\u00f3n de Conchucos, a los pueblos de Chacas y San Luis donde se puede apreciar la obra del Pde. Hugo Decenzi, y el proyecto Matto Grosso donde j\u00f3venes de la zona trabajan hermosas obras en madera, piedra y telares. Es posible llegar a conocer el Santuario de Pomallucay y ver la obra m\u00e1xima de la congregaci\u00f3n de padres italianos en la zona. Muchas agencias est\u00e1n realizando esta ruta como parte de los <strong>tours en Huaraz<\/strong>.<\/p>\n<p>La misma ruta puede llevarlos a dar la vuelta al imponente nevado Huascar\u00e1n o seguir hacia el sur y llegar a la zona arqueol\u00f3gica de Chav\u00edn de Huantar.<\/p>\n<p>La deliciosa comida t\u00edpica de la zona se puede degustar en los diferentes restaurantes campestres <strong>(consultanos por los que est\u00e1n operando).<\/strong>[\/vc_column_text][vc_media_grid element_width=&#8221;3&#8243; grid_id=&#8221;vc_gid:1689108661423-454cd1f5-9053-4&#8243; include=&#8221;2879,2882,2886,2881,2883,2880,2884,2885&#8243;][\/vc_column][\/vc_row]\n","protected":false},"excerpt":{"rendered":"<p>[vc_row full_width=&#8221;stretch_row_content&#8221; css=&#8221;.vc_custom_1689108712405{margin-top: 0px !important;margin-bottom: 0px !important;padding-top: 25% !important;padding-bottom: 25% !important;background: #dbdbdb url(https:\/\/montanajazzperu.com\/wp-content\/uploads\/2023\/06\/nuestro_entorno.jpg?id=3466) !important;background-position: center !important;background-repeat: no-repeat !important;background-size: cover !important;}&#8221; el_class=&#8221;imagen_destacada&#8221;][vc_column][\/vc_column][\/vc_row][vc_row el_class=&#8221;articulo museosans-300&#8243;][vc_column][vc_empty_space][vc_column_text]Desde Monta\u00f1a Jazz se pueden hacer cortas y entretenidas caminatas por el camino antiguo hacia Carhuaz donde podr\u00e1n visitar peque\u00f1as capillas, la Piedra del Diablo y tradicionales bodeguitas donde pueden probar la chicha, [&hellip;]<\/p>\n","protected":false},"author":2,"featured_media":0,"parent":0,"menu_order":0,"comment_status":"closed","ping_status":"closed","template":"templates\/template-sidebar-right.php","meta":[],"_links":{"self":[{"href":"https:\/\/montanajazzperu.com\/en\/wp-json\/wp\/v2\/pages\/3020"}],"collection":[{"href":"https:\/\/montanajazzperu.com\/en\/wp-json\/wp\/v2\/pages"}],"about":[{"href":"https:\/\/montanajazzperu.com\/en\/wp-json\/wp\/v2\/types\/page"}],"author":[{"embeddable":true,"href":"https:\/\/montanajazzperu.com\/en\/wp-json\/wp\/v2\/users\/2"}],"replies":[{"embeddable":true,"href":"https:\/\/montanajazzperu.com\/en\/wp-json\/wp\/v2\/comments?post=3020"}],"version-history":[{"count":1,"href":"https:\/\/montanajazzperu.com\/en\/wp-json\/wp\/v2\/pages\/3020\/revisions"}],"predecessor-version":[{"id":3821,"href":"https:\/\/montanajazzperu.com\/en\/wp-json\/wp\/v2\/pages\/3020\/revisions\/3821"}],"wp:attachment":[{"href":"https:\/\/montanajazzperu.com\/en\/wp-json\/wp\/v2\/media?parent=3020"}],"curies":[{"name":"wp","href":"https:\/\/api.w.org\/{rel}","templated":true}]}}