{"id":3011,"date":"2016-01-11T13:49:07","date_gmt":"2016-01-11T18:49:07","guid":{"rendered":"https:\/\/montanajazzperu.com\/en\/quebrada-de-llanganuco\/"},"modified":"2020-12-20T20:42:12","modified_gmt":"2020-12-21T01:42:12","slug":"quebrada-de-llanganuco","status":"publish","type":"page","link":"https:\/\/montanajazzperu.com\/en\/nuestro-entorno\/quebrada-de-llanganuco\/","title":{"rendered":"Quebrada de Llanganuco"},"content":{"rendered":"[vc_row full_width=&#8221;stretch_row_content&#8221; css=&#8221;.vc_custom_1452871998279{margin-top: 0px !important;margin-bottom: 0px !important;padding-top: 25% !important;padding-bottom: 25% !important;background: #dbdbdb url(https:\/\/montanajazzperu.com\/wp-content\/uploads\/2016\/01\/header-quebrada-llanganuco.jpg?id=2851) !important;background-position: center !important;background-repeat: no-repeat !important;background-size: cover !important;}&#8221; el_class=&#8221;imagen_destacada&#8221;][vc_column][\/vc_column][\/vc_row][vc_row el_class=&#8221;articulo museosans-300&#8243;][vc_column][vc_empty_space]<h2 class=\"calluna-heading calluna-heading-none text-align-left \" style=\"color: #789055;\"><span>Quebrada de Llanganuco<\/span><\/h2>[vc_column_text]Desde Monta\u00f1a Jazz puedes partir hacia el norte y tomar el desvi\u00f3 hacia Llanganuco en Yungay. El viaje es de 1 hora aprox. (48.4 km). Todos los <strong>tours en Huaraz<\/strong> hacen este circuito. La carretera pasa por varios sectores de las comunidades de la zona alta de Yungay y finalmente llega al Parque Nacional Huascar\u00e1n. Al ingreso del parque, hay un puesto de control donde es necesario registrarse y hacer un pago. Esta carretera se encuentra en un estrecho valle glaciar de bellos paisajes entre los Nevados Huascar\u00e1n (6768m) y Huandoy (pico sur 6160m). Los bosques de que\u00f1ual, alisos, colles y las cascadas de aguas puras y cristalinas son el perfecto marco para sentirse en un para\u00edso en medio de los Andes.<\/p>\n<p>Para poder observar de cerca la naturaleza se puede hacer una caminata de 1 km aprox. por el sendero Mar\u00eda Josefa. Hay que tomar en cuenta que la quebrada de Llanganuco se encuentra a 3800 m.s.n.m. Ah\u00ed en la falda del nevado Huascar\u00e1n se encuentran las lagunas Chinancocha (laguna hembra) y Orconcocha (laguna macho). Ambas lagunas se han formado gracias al deshielo de los nevados Huascar\u00e1n, Huandoy, Pisco, Yanapaccha y Chopicalqui donde la temperatura de sus aguas tiene un promedio de 7\u00b0C en la superficie y los -3\u00b0C en el fondo.<\/p>\n<p>La segunda laguna, Orconcocha, es m\u00e1s peque\u00f1a pero es igualmente hermosa donde solo se puede llegar en auto o caminando. Sus aguas celestes discurren en 910 metros de longitud, 368 metros de ancho y 7 metros de profundidad.[\/vc_column_text][\/vc_column][\/vc_row]\n","protected":false},"excerpt":{"rendered":"<p>[vc_row full_width=&#8221;stretch_row_content&#8221; css=&#8221;.vc_custom_1452871998279{margin-top: 0px !important;margin-bottom: 0px !important;padding-top: 25% !important;padding-bottom: 25% !important;background: #dbdbdb url(https:\/\/montanajazzperu.com\/wp-content\/uploads\/2016\/01\/header-quebrada-llanganuco.jpg?id=2851) !important;background-position: center !important;background-repeat: no-repeat !important;background-size: cover !important;}&#8221; el_class=&#8221;imagen_destacada&#8221;][vc_column][\/vc_column][\/vc_row][vc_row el_class=&#8221;articulo museosans-300&#8243;][vc_column][vc_empty_space][vc_column_text]Desde Monta\u00f1a Jazz puedes partir hacia el norte y tomar el desvi\u00f3 hacia Llanganuco en Yungay. El viaje es de 1 hora aprox. (48.4 km). Todos los tours en Huaraz hacen este circuito. [&hellip;]<\/p>\n","protected":false},"author":2,"featured_media":0,"parent":3020,"menu_order":0,"comment_status":"closed","ping_status":"closed","template":"templates\/template-sidebar-right.php","meta":[],"_links":{"self":[{"href":"https:\/\/montanajazzperu.com\/en\/wp-json\/wp\/v2\/pages\/3011"}],"collection":[{"href":"https:\/\/montanajazzperu.com\/en\/wp-json\/wp\/v2\/pages"}],"about":[{"href":"https:\/\/montanajazzperu.com\/en\/wp-json\/wp\/v2\/types\/page"}],"author":[{"embeddable":true,"href":"https:\/\/montanajazzperu.com\/en\/wp-json\/wp\/v2\/users\/2"}],"replies":[{"embeddable":true,"href":"https:\/\/montanajazzperu.com\/en\/wp-json\/wp\/v2\/comments?post=3011"}],"version-history":[{"count":0,"href":"https:\/\/montanajazzperu.com\/en\/wp-json\/wp\/v2\/pages\/3011\/revisions"}],"up":[{"embeddable":true,"href":"https:\/\/montanajazzperu.com\/en\/wp-json\/wp\/v2\/pages\/3020"}],"wp:attachment":[{"href":"https:\/\/montanajazzperu.com\/en\/wp-json\/wp\/v2\/media?parent=3011"}],"curies":[{"name":"wp","href":"https:\/\/api.w.org\/{rel}","templated":true}]}}